{"id":5381,"date":"2015-07-20T20:43:20","date_gmt":"2015-07-20T11:43:20","guid":{"rendered":"http:\/\/kakitreeproject.com\/english\/?page_id=5381"},"modified":"2020-02-15T14:38:58","modified_gmt":"2020-02-15T05:38:58","slug":"%e3%82%b3%e3%83%b3%e3%82%bb%e3%83%97%e3%83%88","status":"publish","type":"page","link":"http:\/\/kakitreeproject.com\/italiano\/?page_id=5381","title":{"rendered":"Concept e Scopo"},"content":{"rendered":"\nPortiamo avanti l\u2019attivit\u00e0 del &#8220;Kaki Tree Project \u2013 La rinascita del tempo&#8221; secondo i seguenti tre concept.\n<div class=\"conceptPhotos\"><img class=\"start_kakinoki\" src=\"\/italiano\/wp-content\/themes\/KakiTreeProject\/img\/conceptBg.jpg\" alt=\" \"><\/div>\n<h3>Esso continua a cambiare<\/h3>\nTutti i partecipanti sono artisti e persone che desiderano esprimersi. E le forme di tale espressione non sono fisse, ma il Progetto cambia sempre a seconda del momento e del luogo, e continua ad espandersi.\n\n&nbsp;\n<h3>Esso si pone in relazione con tutto<\/h3>\nCome performance congiunta, il Progetto si pone costantemente in relazione con tutte le persone, tutti i generi, tutte le organizzazioni e tutti i gruppi.\n\n&nbsp;\n<h3>Esso dura per sempre<\/h3>\nIl Progetto continuer\u00e0 a mandare messaggi di pace fintantoch\u00e9 gli alberi di cachi cresceranno.\n\n&nbsp;\n<h2><span class=\"honya\">{<\/span>&nbsp; Scopo &nbsp;<span class=\"honya\">}<\/span><\/h2>\nQuesto Progetto mira alla &#8220;rinascita&#8221; di ciascun partecipante attraverso le pianticelle di &#8220;seconda generazione dell\u2019albero di cachi sopravvissuto al bombardamento atomico&#8221;. Allo stesso tempo, stimola le tre seguenti &#8220;rinascite&#8221;.\n<div class=\"cf\">\n<div class=\"soseiTx1\">\n\n&nbsp;\n<h3>Rinascita della &#8220;Coscienza della Pace&#8221;<\/h3>\nUna storia che lede i diritti umani, come i bombardamenti atomici e l\u2019olocausto, \u00e8 un lascito negativo dell\u2019umanit\u00e0. Noi dobbiamo prendere atto di questo fatto. Essa, tuttavia, essendo troppo lontana dal quotidiano delle giovani generazioni di oggi ed anche perch\u00e9 viene presentata dogmaticamente, \u00e8 finita col diventare una &#8220;storia morta&#8221;. Per non far cadere nell\u2019oblio tali tragici avvenimenti, sarebbe necessario che la &#8220;nuova generazione&#8221;fornisca una &#8220;nuova espressione&#8221; perrileggere la storia con una &#8220;nuova coscienza&#8221; e trasmetterla al futuro.\nL\u2019arte apre la mente umana e rende possibile la libera espressione. Questo Progetto, presentando in maniera nuovale pianticelle di &#8220;seconda generazione dell\u2019albero di cachi sopravvissuto al bombardamento atomico&#8221; attraverso l\u2019espressione artistica, fa rinascere la &#8220;coscienza della pace dormiente&#8221; negli esseri umani in una &#8220;coscienza della pace risvegliata&#8221;.\n\n<\/div>\n<img class=\"soseiImg sosei1\" src=\"\/italiano\/wp-content\/themes\/KakiTreeProject\/img\/sosei1.jpg\" alt=\" \">\n\n<\/div>\n<div class=\"cf\">\n<div class=\"soseiTx2 \">\n\n&nbsp;\n<h3>Rinascita del &#8220;Vero modo di vivere&#8221;<\/h3>\nCi auguriamo che per ciascuno dei partecipanti al Progettole pianticelle di &#8220;seconda generazione dell\u2019albero di cachi sopravvissuto al bombardamento atomico&#8221; costituiscano l\u2019occasione per &#8220;esprimersi&#8221; e &#8220;agire&#8221;, realizzando se stessi. Tutte le azioni legate all\u2019albero di cachi chiederanno agli uomini il significato del vivere e come si debba vivere. Questo Progetto \u00e8 dunque anche riflettere proprio sul &#8220;vero modo di vivere&#8221;.\n\n<\/div>\n<img class=\"soseiImg sosei2\" src=\"\/italiano\/wp-content\/themes\/KakiTreeProject\/img\/sosei2.jpg\" alt=\" \">\n\n<\/div>\n<div class=\"cf\">\n<div class=\"soseiTx3\">\n\n&nbsp;\n<h3>Rinascita della &#8220;Qualit\u00e0 dell\u2019Arte&#8221;<\/h3>\nIn questo Progetto, tutte le &#8220;azioni&#8221; e le &#8220;espressioni&#8221; che riguardano le pianticelle di &#8220;seconda generazione dell\u2019albero di cachi sopravvissuto al bombardamento atomico&#8221; sono considerate arte. L\u2019adoperarsi fattivamente per la piantatura, l\u2019opera prestata dai bambini per allevare l\u2019albero, le rappresentazioni e le esibizioni musicali tenute da persone non professioniste, tutto ci\u00f2 \u00e8 arte. Pu\u00f2 darsi che tali espressioni e azioni siano rozze e infantili. Per\u00f2, noi le consideriamo tutte arte e consideriamo artisti tutte le persone che vi hanno avuto un coinvolgimento.\nIn questo Progetto non esiste la convenzionale concezione di arte. Non c\u2019\u00e8 bisogno del senso dei valori relativo determinato dal confronto con gli altri edal giudizio positivo o negativo che ne deriva. Ciascuna persona che prende parte al Progetto si avvicina all\u2019&#8221;albero di cachi&#8221; e spontaneamente fa ci\u00f2 che \u00e8 nelle sue possibilit\u00e0. Tale processo stesso viene considerato la conquista di un\u2019arte unica e assoluta. Perch\u00e9 in effetti quella \u00e8 vera arte.\n\n<\/div>\n<img class=\"soseiImg sosei3\" src=\"\/italiano\/wp-content\/themes\/KakiTreeProject\/img\/sosei3.jpg\" alt=\" \">\n\n<\/div>\n<div style=\"text-align: right;\">Tatsuo Miyajima 1996<\/div>","protected":false},"excerpt":{"rendered":"Portiamo avanti l\u2019attivit\u00e0 del &#8220;Kaki Tree Project \u2013 La rinascita del tempo&#8221; secondo i seguenti tre&#8230;  <a class=\"excerpt-read-more\" href=\"http:\/\/kakitreeproject.com\/italiano\/?page_id=5381\" title=\"Read Concept e Scopo\">\u3082\u3063\u3068\u8aad\u3080 &raquo;<\/a>","protected":false},"author":2,"featured_media":0,"parent":0,"menu_order":0,"comment_status":"closed","ping_status":"closed","template":"","meta":[],"_links":{"self":[{"href":"http:\/\/kakitreeproject.com\/italiano\/index.php?rest_route=\/wp\/v2\/pages\/5381"}],"collection":[{"href":"http:\/\/kakitreeproject.com\/italiano\/index.php?rest_route=\/wp\/v2\/pages"}],"about":[{"href":"http:\/\/kakitreeproject.com\/italiano\/index.php?rest_route=\/wp\/v2\/types\/page"}],"author":[{"embeddable":true,"href":"http:\/\/kakitreeproject.com\/italiano\/index.php?rest_route=\/wp\/v2\/users\/2"}],"replies":[{"embeddable":true,"href":"http:\/\/kakitreeproject.com\/italiano\/index.php?rest_route=%2Fwp%2Fv2%2Fcomments&post=5381"}],"version-history":[{"count":13,"href":"http:\/\/kakitreeproject.com\/italiano\/index.php?rest_route=\/wp\/v2\/pages\/5381\/revisions"}],"predecessor-version":[{"id":6100,"href":"http:\/\/kakitreeproject.com\/italiano\/index.php?rest_route=\/wp\/v2\/pages\/5381\/revisions\/6100"}],"wp:attachment":[{"href":"http:\/\/kakitreeproject.com\/italiano\/index.php?rest_route=%2Fwp%2Fv2%2Fmedia&parent=5381"}],"curies":[{"name":"wp","href":"https:\/\/api.w.org\/{rel}","templated":true}]}}