{"id":5385,"date":"2015-07-20T20:49:48","date_gmt":"2015-07-20T11:49:48","guid":{"rendered":"http:\/\/kakitreeproject.com\/english\/?page_id=5385"},"modified":"2020-02-15T14:25:15","modified_gmt":"2020-02-15T05:25:15","slug":"begining","status":"publish","type":"page","link":"http:\/\/kakitreeproject.com\/italiano\/?page_id=5385","title":{"rendered":"L\u2019inizio"},"content":{"rendered":"<div class=\"clearfix\">\n<div class=\"text1\">Il 9 agosto 1945 una bomba atomica fu sganciata su Nagasaki. Le intense radiazioni e la forza d&#8217;urto dell&#8217;esplosione sprigionate da quest&#8217;unico ordigno uccisero moltissime persone, riducendo completamente in cenere la citt\u00e0 di Nagasaki.&nbsp;<\/p>\n<p>Ciononostante, ci fu un albero di cachi che miracolosamente riusc\u00ec a sopravvivere. Per\u00f2, aveva met\u00e0 del suo tronco annerito per le bruciature ed era talmente indebolito che sarebbe potuto cadere in qualsiasi momento.<\/p>\n<\/div>\n<div class=\"photo1\"><a href=\"\/italiano\/wp-content\/themes\/KakiTreeProject\/img\/startOya.jpg\" rel=\"lightbox[5385]\"><img src=\"\/italiano\/wp-content\/themes\/KakiTreeProject\/img\/startOya.jpg\" alt=\"The bombed kaki Tree\"><\/a>&nbsp;<\/p>\n<p>The bombed kaki Tree<\/p><\/div>\n<div class=\"photo2\"><a href=\"\/italiano\/wp-content\/themes\/KakiTreeProject\/img\/startOya2.jpg\" rel=\"lightbox[5385]\"><img src=\"\/italiano\/wp-content\/themes\/KakiTreeProject\/img\/startOya2.jpg\" alt=\"Healed kaki Tree, 1996\"><\/a>&nbsp;<\/p>\n<p>Healed kaki Tree, 1996<\/p><\/div>\n<div class=\"text2\">Nel 1994, Masayuki Ebinuma, un arboricoltore residente a Nagasaki, inizi\u00f2 a curare il fragile albero di cachi e riusc\u00ec a farlo riprendere fino al punto da ottenere delle pianticelle di &#8220;seconda generazione dell&#8217;albero di cachi sopravvissuto al bombardamento atomico&#8221;.<\/div>\n<div class=\"photo3\"><a href=\"\/italiano\/wp-content\/themes\/KakiTreeProject\/img\/start2menBig.jpg\" rel=\"lightbox[5385]\"><img src=\"\/italiano\/wp-content\/themes\/KakiTreeProject\/img\/start2men.png\" alt=\"Tatsuo Miyajima (Left) and Masayuki Ebinuma (Right)\"><\/a>&nbsp;<\/p>\n<p>Tatsuo Miyajima (Left) and Masayuki Ebinuma (Right)<\/p><\/div>\n<div class=\"text3\">Quindi, Ebinuma cominci\u00f2 a distribuire quelle pianticelle di &#8220;seconda generazione dell&#8217;albero di cachi sopravvissuto al bombardamento atomico&#8221; ai bambini che si recavano in visita a Nagasaki, come simbolo di pace.<\/div>\n<div class=\"photo4\"><a href=\"\/italiano\/wp-content\/themes\/KakiTreeProject\/img\/startNae.jpg\" rel=\"lightbox[5385]\"><img src=\"\/italiano\/wp-content\/themes\/KakiTreeProject\/img\/startNae.jpg\" alt=\"Exhibited sapling of the kaki Tree\"><\/a>&nbsp;<\/p>\n<p>Exhibited sapling of the kaki Tree<\/p><\/div>\n<div class=\"text4\">L&#8217;artista contemporaneo Tatsuo Miyajima venne a conoscenza di ci\u00f2 e, desiderando dare il proprio supporto all&#8217;attivit\u00e0 di Ebinuma in qualit\u00e0 di artista, espose le pianticelle ad una mostra d&#8217;arte nel 1995 e cerc\u00f2 dei genitori adottivi per le piantine.<\/div>\n<div class=\"text5\">Pervennero ben dieci domande e come luogo per la piantatura fu selezionata l&#8217;ex Scuola Elementare Ryuhoku, nella circoscrizione di Taito a Tokyo.Nel frattempo Miyajima aveva concepito un progetto artistico detto &#8220;Kaki Tree Project \u2013 La rinascita del tempo&#8221; e ne costitu\u00ec il Comitato Esecutivo. Nell&#8217;anno seguente, nel 1996, una pianticelladi &#8220;seconda generazione dell&#8217;albero di cachi sopravvissuto al bombardamento atomico&#8221; fu piantata presso l&#8217;ex Scuola Elementare Ryuhoku, andando a costituire la prima piantatura del Progetto. Alla cerimonia di piantatura Miyajima stesso tenne un workshop.<\/div>\n<div class=\"photo5\"><a href=\"\/italiano\/wp-content\/themes\/KakiTreeProject\/img\/startWorkshop.jpg\" rel=\"lightbox[5385]\"><img src=\"\/italiano\/wp-content\/themes\/KakiTreeProject\/img\/startWorkshop.jpg\" alt=\"Workshop at  the former Ryuhoku Elementary School\"><\/a>&nbsp;<\/p>\n<p>Workshop at the former Ryuhoku Elementary School<\/p><\/div>\n<\/div>\n","protected":false},"excerpt":{"rendered":"<p>Il 9 agosto 1945 una bomba atomica fu sganciata su Nagasaki. Le intense radiazioni e la forza d&#8217;urto del&#8230;  <a class=\"excerpt-read-more\" href=\"http:\/\/kakitreeproject.com\/italiano\/?page_id=5385\" title=\"Read L\u2019inizio\">\u3082\u3063\u3068\u8aad\u3080 &raquo;<\/a><\/p>\n","protected":false},"author":2,"featured_media":0,"parent":0,"menu_order":0,"comment_status":"closed","ping_status":"closed","template":"","meta":[],"_links":{"self":[{"href":"http:\/\/kakitreeproject.com\/italiano\/index.php?rest_route=\/wp\/v2\/pages\/5385"}],"collection":[{"href":"http:\/\/kakitreeproject.com\/italiano\/index.php?rest_route=\/wp\/v2\/pages"}],"about":[{"href":"http:\/\/kakitreeproject.com\/italiano\/index.php?rest_route=\/wp\/v2\/types\/page"}],"author":[{"embeddable":true,"href":"http:\/\/kakitreeproject.com\/italiano\/index.php?rest_route=\/wp\/v2\/users\/2"}],"replies":[{"embeddable":true,"href":"http:\/\/kakitreeproject.com\/italiano\/index.php?rest_route=%2Fwp%2Fv2%2Fcomments&post=5385"}],"version-history":[{"count":15,"href":"http:\/\/kakitreeproject.com\/italiano\/index.php?rest_route=\/wp\/v2\/pages\/5385\/revisions"}],"predecessor-version":[{"id":6089,"href":"http:\/\/kakitreeproject.com\/italiano\/index.php?rest_route=\/wp\/v2\/pages\/5385\/revisions\/6089"}],"wp:attachment":[{"href":"http:\/\/kakitreeproject.com\/italiano\/index.php?rest_route=%2Fwp%2Fv2%2Fmedia&parent=5385"}],"curies":[{"name":"wp","href":"https:\/\/api.w.org\/{rel}","templated":true}]}}